{"id":14,"date":"2016-06-08T20:23:16","date_gmt":"2016-06-08T18:23:16","guid":{"rendered":"http:\/\/colocas.free.fr\/?page_id=14"},"modified":"2025-07-10T12:17:09","modified_gmt":"2025-07-10T10:17:09","slug":"comite","status":"publish","type":"page","link":"https:\/\/colocas.fr\/?page_id=14","title":{"rendered":"Comit\u00e9"},"content":{"rendered":"<h2 style=\"text-align: center;\"><u>Pr\u00e9sentation du Comit\u00e9 Lorrain de Caisses \u00e0 Savon<br \/>\n<\/u><\/h2>\n<h2 style=\"text-align: center;\"><u>&nbsp;<\/u><\/h2>\n<h4>Association Loi 1901 \u2013 d\u00e9clar\u00e9e en date du 05 avril 1995 A la Pr\u00e9fecture des Vosges sous le num\u00e9ro 13 276. Affili\u00e9e a la F\u00e9d\u00e9ration Nationale des Caisses a Savon, &nbsp;Si\u00e9ge social: Mairie de SAINT MAURICE\/MORTAGNE 88700<\/h4>\n<p><strong><u>Membres du Conseil d&rsquo;Administration 2023<\/u><\/strong><\/p>\n<h4><span style=\"color: #ff0000;\">&nbsp;<\/span><\/h4>\n<p><strong><u>Membre du bureau 2023:<\/u><\/strong><\/p>\n<ul>\n<li>Pr\u00e9sident : <del>Bernard PILON &nbsp;<\/del> &nbsp; &nbsp; &nbsp; &nbsp; &nbsp; &nbsp; &nbsp;&nbsp; &nbsp; &nbsp; &nbsp; &nbsp; Vice-Pr\u00e9sident : Jean-Michel JEUDY<br \/>\nTr\u00e9sorier : R\u00e9nald COLIN &nbsp; &nbsp; &nbsp; &nbsp; &nbsp; &nbsp; &nbsp; &nbsp; &nbsp; &nbsp; &nbsp;&nbsp;&nbsp; &nbsp;&nbsp; Tr\u00e9sorier Adjoint : Jean-Paul Noel<br \/>\nSecr\u00e9taire : Maryse Herb\u00e9&nbsp;&nbsp;&nbsp;&nbsp;&nbsp;&nbsp;&nbsp;&nbsp;&nbsp;&nbsp;&nbsp;&nbsp;&nbsp;&nbsp;&nbsp;&nbsp;&nbsp;&nbsp;&nbsp;&nbsp;&nbsp;&nbsp;&nbsp;&nbsp; &nbsp; Vice-Secr\u00e9taire : Isabelle JEUDY<\/li>\n<\/ul>\n<p>&nbsp;<\/p>\n<p><strong><u>Licences 2023:<\/u><\/strong><\/p>\n<ul>\n<li>Licence journali\u00e8re enfant : 12\u20ac<\/li>\n<li>Licence journali\u00e8re adulte : 22\u20ac<\/li>\n<li>Licence comp\u00e9tition enfant : 20\u20ac<\/li>\n<li>Licence comp\u00e9tition adulte : 39\u20ac<\/li>\n<li>Carte membre : 10\u20ac<\/li>\n<li>Inscription course : 8\u20ac<\/li>\n<li>Location de la caisse seule :10\u20ac<\/li>\n<li>Location enfant avec licence journali\u00e8re et engagement course : &#8211;\u20ac<\/li>\n<\/ul>\n<p>&nbsp;<\/p>\n<p><span style=\"text-decoration: underline;\"><strong>Commissions 2021:<\/strong><\/span><\/p>\n<table>\n<tbody>\n<tr>\n<td width=\"312\"><strong>CONTROLE TECHNIQUE<\/strong><\/td>\n<td width=\"274\"><strong>SECURITE<\/strong><\/td>\n<td width=\"378\"><strong>INSCRIPTIONS<\/strong><\/td>\n<\/tr>\n<tr>\n<td width=\"312\">Jean-Paul NOEL<\/td>\n<td width=\"274\">Michel HERBE<\/td>\n<td width=\"378\">Jeannine PILON (en soutien si besoin)<\/td>\n<\/tr>\n<tr>\n<td width=\"312\">Bernard PILON<\/td>\n<td width=\"274\">Bruno HERBE<\/td>\n<td width=\"378\">Maryse HERBE<\/td>\n<\/tr>\n<tr>\n<td width=\"312\">Martial MARTIN<\/td>\n<td width=\"274\">Bernard PILON<\/td>\n<td width=\"378\">Elodie GUERY<\/td>\n<\/tr>\n<tr>\n<td width=\"312\">Thomas KNEUBUHLER<\/td>\n<td width=\"274\">Jean-Paul NOEL<\/td>\n<td width=\"378\">Sylvain BERNET<\/td>\n<\/tr>\n<tr>\n<td width=\"312\">Renald COLIN<\/td>\n<td width=\"274\">Sylvain BERNET<\/td>\n<td width=\"378\">G\u00e9raldine BRIANTAIS<\/td>\n<\/tr>\n<tr>\n<td width=\"312\">Jean-Michel JEUDY<\/td>\n<td width=\"274\">Anthony COUTEILLE<\/td>\n<td width=\"378\">Isabelle JEUDY<\/td>\n<\/tr>\n<tr>\n<td width=\"312\">Jean-Charles PIERRAT<\/td>\n<td width=\"274\">Jean-Michel JEUDY<\/td>\n<td width=\"378\">Morgan HENRY<\/td>\n<\/tr>\n<tr>\n<td width=\"312\">J\u00e9r\u00f4me ROBINET<\/td>\n<td width=\"274\">Renald COLIN<\/td>\n<td width=\"378\">Sandra ROBINET<\/td>\n<\/tr>\n<tr>\n<td width=\"312\">Jonathan GUERY<\/td>\n<td width=\"274\">Christophe JACQUEL<\/td>\n<td width=\"378\">&nbsp;<\/td>\n<\/tr>\n<tr>\n<td width=\"312\">Damien ENGELDINGER<\/td>\n<td width=\"274\">Jonathan GUERY<\/td>\n<td width=\"378\">&nbsp;<\/td>\n<\/tr>\n<tr>\n<td width=\"312\">Anthony COUTEILLE<\/td>\n<td width=\"274\">J\u00e9r\u00f4me ROBINET<\/td>\n<td width=\"378\">&nbsp;<\/td>\n<\/tr>\n<\/tbody>\n<\/table>\n<h2 style=\"text-align: center;\">&nbsp;<\/h2>\n<h6 style=\"text-align: right;\">[lastupdated]<\/h6>\n<p>&nbsp;<\/p>\n<p><img loading=\"lazy\" decoding=\"async\" class=\"wp-image-1741 size-full aligncenter\" src=\"https:\/\/colocas.fr\/wp-content\/uploads\/2021\/01\/Tout-le-Colocas-vous-souhaite-tous-ses-meilleurs-voeux-pour.jpg\" alt=\"\" width=\"180\" height=\"180\" srcset=\"https:\/\/colocas.fr\/wp-content\/uploads\/2021\/01\/Tout-le-Colocas-vous-souhaite-tous-ses-meilleurs-voeux-pour.jpg 180w, https:\/\/colocas.fr\/wp-content\/uploads\/2021\/01\/Tout-le-Colocas-vous-souhaite-tous-ses-meilleurs-voeux-pour-150x150.jpg 150w\" sizes=\"auto, (max-width: 180px) 100vw, 180px\" \/><\/p>\n<p>&nbsp;<\/p>\n","protected":false},"excerpt":{"rendered":"<p>Pr\u00e9sentation du Comit\u00e9 Lorrain de Caisses \u00e0 Savon &nbsp; Association Loi 1901 \u2013 d\u00e9clar\u00e9e en date du 05 avril 1995 A la Pr\u00e9fecture des Vosges sous le num\u00e9ro 13 276. Affili\u00e9e a la F\u00e9d\u00e9ration Nationale des Caisses a Savon, &nbsp;Si\u00e9ge social: Mairie de SAINT MAURICE\/MORTAGNE 88700 Membres du Conseil d&rsquo;Administration 2023 &nbsp; Membre du bureau [&hellip;]<\/p>\n","protected":false},"author":7,"featured_media":0,"parent":0,"menu_order":0,"comment_status":"closed","ping_status":"closed","template":"","meta":{"footnotes":""},"class_list":["post-14","page","type-page","status-publish","czr-hentry"],"_links":{"self":[{"href":"https:\/\/colocas.fr\/index.php?rest_route=\/wp\/v2\/pages\/14","targetHints":{"allow":["GET"]}}],"collection":[{"href":"https:\/\/colocas.fr\/index.php?rest_route=\/wp\/v2\/pages"}],"about":[{"href":"https:\/\/colocas.fr\/index.php?rest_route=\/wp\/v2\/types\/page"}],"author":[{"embeddable":true,"href":"https:\/\/colocas.fr\/index.php?rest_route=\/wp\/v2\/users\/7"}],"replies":[{"embeddable":true,"href":"https:\/\/colocas.fr\/index.php?rest_route=%2Fwp%2Fv2%2Fcomments&post=14"}],"version-history":[{"count":18,"href":"https:\/\/colocas.fr\/index.php?rest_route=\/wp\/v2\/pages\/14\/revisions"}],"predecessor-version":[{"id":3444,"href":"https:\/\/colocas.fr\/index.php?rest_route=\/wp\/v2\/pages\/14\/revisions\/3444"}],"wp:attachment":[{"href":"https:\/\/colocas.fr\/index.php?rest_route=%2Fwp%2Fv2%2Fmedia&parent=14"}],"curies":[{"name":"wp","href":"https:\/\/api.w.org\/{rel}","templated":true}]}}