{"id":397,"date":"2017-02-27T10:14:07","date_gmt":"2017-02-27T09:14:07","guid":{"rendered":"http:\/\/colocas.free.fr\/?page_id=397"},"modified":"2025-10-21T20:55:56","modified_gmt":"2025-10-21T18:55:56","slug":"liens-utiles","status":"publish","type":"page","link":"https:\/\/colocas.fr\/?page_id=397","title":{"rendered":"Liens utiles"},"content":{"rendered":"<h1 style=\"text-align: center;\">Liens.<\/h1>\n<p style=\"text-align: center;\"><strong><span style=\"color: #ff0000;\">Franche Comt\u00e9:<\/span><\/strong><br \/>\n<a href=\"https:\/\/www.facebook.com\/profile.php?id=100008836096826\" target=\"_blank\" rel=\"noopener noreferrer\">COMITE COMTOIS (FECOCAS)\u00a0 Facebook<\/a><br \/>\n<a href=\"http:\/\/fecocasfc.wixsite.com\/fecocas\" target=\"_blank\" rel=\"noopener noreferrer\">COMITE COMTOIS (FECOCAS)\u00a0 Site.<\/a><\/p>\n<p style=\"text-align: center;\"><strong><span style=\"color: #ff0000;\">Alsace:<\/span><\/strong><br \/>\n<a href=\"http:\/\/www.fircas.com\/\">F\u00e9d\u00e9ration inter R\u00e9gionale de caisse \u00e0 savon (FIRCAS)<\/a><\/p>\n<p style=\"text-align: center;\"><strong><span style=\"color: #ff0000;\">AUVERGNE:<br \/>\n<\/span><\/strong><a href=\"http:\/\/www.circas-auvergne.com\/\">Comit\u00e9 Inter-R\u00e9gional de Caisse \u00e0 Savon CIRCAS-AUVERGNE<\/a><\/p>\n<p class=\"font_0\" style=\"text-align: center;\"><span style=\"color: #ff0000;\"><strong>ALPES:<\/strong><\/span><br \/>\n<a href=\"https:\/\/www.caisse-a-savon-alpes.com\/\">Comit\u00e9 Alpes de caisses \u00e0 Savon<\/a><\/p>\n<p class=\"font_0\" style=\"text-align: center;\"><span style=\"color: #ff0000;\"><strong>LYONNAIS:<\/strong><\/span><br \/>\n<a href=\"https:\/\/www.caisses-a-savon-lyonnais.com\/\">Comit\u00e9 du lyonnais de caisses \u00e0 Savon<\/a><\/p>\n<p style=\"text-align: center;\"><span style=\"color: #ff0000;\"><strong>Provence Languedoc <\/strong><\/span>:<br \/>\n<a href=\"https:\/\/comiteprovencelang.wixsite.com\/accueil\" target=\"_blank\" rel=\"noopener\">Comite Provence Langdoc<\/a><\/p>\n<p style=\"text-align: center;\"><strong><span style=\"color: #ff0000;\">F\u00e9d\u00e9ration Fran\u00e7aise:<\/span><\/strong><br \/>\n<a href=\"http:\/\/www.federation-caisses-a-savon.com\">Site officiel de la F\u00e9d\u00e9ration fran\u00e7aise<\/a><\/p>\n<p style=\"text-align: center;\"><strong><span style=\"color: #ff0000;\">Speed Down:<\/span><\/strong><br \/>\n<a href=\"https:\/\/www.speeddown.eu\/\">Speed Down Europe<\/a><\/p>\n","protected":false},"excerpt":{"rendered":"<p>Liens. Franche Comt\u00e9: COMITE COMTOIS (FECOCAS)\u00a0 Facebook COMITE COMTOIS (FECOCAS)\u00a0 Site. Alsace: F\u00e9d\u00e9ration inter R\u00e9gionale de caisse \u00e0 savon (FIRCAS) AUVERGNE: Comit\u00e9 Inter-R\u00e9gional de Caisse \u00e0 Savon CIRCAS-AUVERGNE ALPES: Comit\u00e9 Alpes de caisses \u00e0 Savon LYONNAIS: Comit\u00e9 du lyonnais de caisses \u00e0 Savon Provence Languedoc : Comite Provence Langdoc F\u00e9d\u00e9ration Fran\u00e7aise: Site officiel de la [&hellip;]<\/p>\n","protected":false},"author":7,"featured_media":0,"parent":0,"menu_order":0,"comment_status":"closed","ping_status":"closed","template":"","meta":{"footnotes":""},"class_list":["post-397","page","type-page","status-publish","czr-hentry"],"_links":{"self":[{"href":"https:\/\/colocas.fr\/index.php?rest_route=\/wp\/v2\/pages\/397","targetHints":{"allow":["GET"]}}],"collection":[{"href":"https:\/\/colocas.fr\/index.php?rest_route=\/wp\/v2\/pages"}],"about":[{"href":"https:\/\/colocas.fr\/index.php?rest_route=\/wp\/v2\/types\/page"}],"author":[{"embeddable":true,"href":"https:\/\/colocas.fr\/index.php?rest_route=\/wp\/v2\/users\/7"}],"replies":[{"embeddable":true,"href":"https:\/\/colocas.fr\/index.php?rest_route=%2Fwp%2Fv2%2Fcomments&post=397"}],"version-history":[{"count":17,"href":"https:\/\/colocas.fr\/index.php?rest_route=\/wp\/v2\/pages\/397\/revisions"}],"predecessor-version":[{"id":3651,"href":"https:\/\/colocas.fr\/index.php?rest_route=\/wp\/v2\/pages\/397\/revisions\/3651"}],"wp:attachment":[{"href":"https:\/\/colocas.fr\/index.php?rest_route=%2Fwp%2Fv2%2Fmedia&parent=397"}],"curies":[{"name":"wp","href":"https:\/\/api.w.org\/{rel}","templated":true}]}}