{"id":40,"date":"2016-06-08T22:03:36","date_gmt":"2016-06-08T20:03:36","guid":{"rendered":"http:\/\/colocas.free.fr\/?page_id=40"},"modified":"2026-03-31T13:52:21","modified_gmt":"2026-03-31T11:52:21","slug":"documents","status":"publish","type":"page","link":"https:\/\/colocas.fr\/?page_id=40","title":{"rendered":"Documents \/ R\u00e9glementation"},"content":{"rendered":"<ul>\n<li>\n<h1>Documents t\u00e9l\u00e9chargeables:<\/h1>\n<\/li>\n<\/ul>\n<p style=\"text-align: center;\"><a href=\"https:\/\/colocas.fr\/wp-content\/uploads\/2025\/11\/premiere-caisse-2025.pdf\" target=\"_blank\" rel=\"noopener\">Ma premi\u00e8re caisse<\/a><\/p>\n<p style=\"text-align: center;\"><span style=\"color: #ff0000;\"><a href=\"https:\/\/colocas.fr\/wp-content\/uploads\/2023\/01\/charte-pilote-FFCAS-2023-vote-AG-2019.pdf\">Version PDF : Charte-pilote-FFCAS<\/a><br \/>\n<\/span><\/p>\n<p style=\"text-align: center;\"><a href=\"https:\/\/colocas.fr\/wp-content\/uploads\/2026\/01\/Demande-de-licence-france-2026.pdf\" target=\"_blank\" rel=\"noopener\">Version PDF: Demande de licence France 2026<\/a><\/p>\n<p style=\"text-align: center;\"><span style=\"color: #ff0000;\"><a style=\"color: #ff0000;\" href=\"https:\/\/colocas.fr\/wp-content\/uploads\/2026\/01\/Demande-de-licence-france-2026.doc\" target=\"_blank\" rel=\"noopener\">Version Word: Demande de licence France 2026<\/a><\/span><\/p>\n<p style=\"text-align: center;\"><a href=\"https:\/\/colocas.fr\/wp-content\/uploads\/2018\/12\/Demande-de-licence-certificat-m\u00e9dical-2019.pdf\" target=\"_blank\" rel=\"noopener\">Version PDF : Demande de certificat m\u00e9dical<\/a><\/p>\n<p style=\"text-align: center;\"><a href=\"https:\/\/colocas.fr\/wp-content\/uploads\/2026\/03\/Questionnaire_Sante_Mineur.pdf\" target=\"_blank\" rel=\"noopener\">Version PDF: CERFA N\u00b015699*01 QS-SPORT Mineur<\/a><\/p>\n<p style=\"text-align: center;\"><a href=\"https:\/\/colocas.fr\/wp-content\/uploads\/2026\/03\/Questionnaire_Sante_Majeur.pdf\" target=\"_blank\" rel=\"noopener\">Version PDF: CERFA N\u00b015699*01 QS-SPORT Majeur<\/a><\/p>\n<p>&nbsp;<\/p>\n<p style=\"text-align: center;\"><a href=\"https:\/\/colocas.fr\/wp-content\/uploads\/2024\/05\/infos-pour-speaker.pdf\" target=\"_blank\" rel=\"noopener\">infos pour speaker<\/a><\/p>\n<p style=\"text-align: center;\"><a href=\"https:\/\/colocas.fr\/wp-content\/uploads\/2026\/03\/contrat-organisateur-V2026.pdf\" target=\"_blank\" rel=\"noopener\">contrat-organisateur<\/a><\/p>\n<p>&nbsp;<\/p>\n<hr \/>\n<ul>\n<li style=\"text-align: left;\">\n<h1><strong>R\u00e9glementations:<\/strong><\/h1>\n<\/li>\n<\/ul>\n<p>merci de vous rendre sur ces liens :<\/p>\n<p>&nbsp;<\/p>\n<div class=\"textLayer\" style=\"text-align: left;\">\n<div style=\"text-align: center;\" data-canvas-width=\"81.7684\"><a href=\"https:\/\/www.speeddown.eu\/wp-content\/uploads\/2024\/02\/Reglement_F_General-2024.pdf\" target=\"_blank\" rel=\"noopener\">R\u00e8glement Technique G\u00e9n\u00e9rale<\/a><\/div>\n<\/div>\n<div style=\"text-align: center;\" data-canvas-width=\"81.7684\"><\/div>\n<div style=\"text-align: center;\" data-canvas-width=\"81.7684\"><a href=\"https:\/\/www.speeddown.eu\/wp-content\/uploads\/documents\/regulations\/Reglement_F_C1_C4.pdf\" target=\"_blank\" rel=\"noopener noreferrer\">R\u00e8glement technique C1 \u00e0 C4<\/a><\/div>\n<div style=\"text-align: center;\" data-canvas-width=\"81.7684\"><\/div>\n<div style=\"text-align: center;\" data-canvas-width=\"81.7684\"><a href=\"https:\/\/www.speeddown.eu\/wp-content\/uploads\/documents\/regulations\/C5-2022-FR.pdf\" target=\"_blank\" rel=\"noopener\">R\u00e8glement technique C5 \u2013 Side-car<\/a><\/div>\n<div style=\"text-align: center;\" data-canvas-width=\"81.7684\"><\/div>\n<div style=\"text-align: center;\" data-canvas-width=\"81.7684\"><a href=\"https:\/\/www.speeddown.eu\/wp-content\/uploads\/documents\/regulations\/Reglement_F_C6.pdf\" target=\"_blank\" rel=\"noopener\">R\u00e8glement technique C6 &#8211; Bobcar<\/a><\/div>\n<div style=\"text-align: center;\" data-canvas-width=\"81.7684\"><\/div>\n<div style=\"text-align: center;\" data-canvas-width=\"81.7684\"><a href=\"https:\/\/www.speeddown.eu\/wp-content\/uploads\/documents\/regulations\/Reglement_F_C7.pdf\" target=\"_blank\" rel=\"noopener\">R\u00e8glement technique C7 &#8211; Carrioli<\/a><\/div>\n<div style=\"text-align: center;\" data-canvas-width=\"81.7684\"><\/div>\n<div style=\"text-align: center;\" data-canvas-width=\"81.7684\"><a href=\"https:\/\/www.speeddown.eu\/wp-content\/uploads\/documents\/regulations\/Kart-C8-2022-FR.pdf\" target=\"_blank\" rel=\"noopener\">R\u00e8glement technique C8 &#8211; Kart &#8211; 16 -99ans<\/a><\/div>\n<div style=\"text-align: center;\" data-canvas-width=\"81.7684\"><\/div>\n<div style=\"text-align: center;\" data-canvas-width=\"81.7684\"><a href=\"https:\/\/www.speeddown.eu\/wp-content\/uploads\/2024\/02\/Reglement_F_C9-2024.pdf\" target=\"_blank\" rel=\"noopener\">R\u00e8glement technique C9 \u2013 Kart junior &#8211; 6-15 ans<\/a><\/div>\n<div data-canvas-width=\"81.7684\"><\/div>\n<div data-canvas-width=\"81.7684\">Source: <a href=\"https:\/\/www.speeddown.eu\/fr\/reglement\/\">https:\/\/www.speeddown.eu\/fr\/reglement\/<\/a><\/div>\n<div data-canvas-width=\"81.7684\"><\/div>\n<div style=\"text-align: right;\" data-canvas-width=\"81.7684\">[lastupdated]<\/div>\n","protected":false},"excerpt":{"rendered":"<p>Documents t\u00e9l\u00e9chargeables: Ma premi\u00e8re caisse Version PDF : Charte-pilote-FFCAS Version PDF: Demande de licence France 2026 Version Word: Demande de licence France 2026 Version PDF : Demande de certificat m\u00e9dical Version PDF: CERFA N\u00b015699*01 QS-SPORT Mineur Version PDF: CERFA N\u00b015699*01 QS-SPORT Majeur &nbsp; infos pour speaker contrat-organisateur &nbsp; R\u00e9glementations: merci de vous rendre sur ces [&hellip;]<\/p>\n","protected":false},"author":2,"featured_media":0,"parent":0,"menu_order":0,"comment_status":"closed","ping_status":"closed","template":"","meta":{"footnotes":""},"class_list":["post-40","page","type-page","status-publish","czr-hentry"],"_links":{"self":[{"href":"https:\/\/colocas.fr\/index.php?rest_route=\/wp\/v2\/pages\/40","targetHints":{"allow":["GET"]}}],"collection":[{"href":"https:\/\/colocas.fr\/index.php?rest_route=\/wp\/v2\/pages"}],"about":[{"href":"https:\/\/colocas.fr\/index.php?rest_route=\/wp\/v2\/types\/page"}],"author":[{"embeddable":true,"href":"https:\/\/colocas.fr\/index.php?rest_route=\/wp\/v2\/users\/2"}],"replies":[{"embeddable":true,"href":"https:\/\/colocas.fr\/index.php?rest_route=%2Fwp%2Fv2%2Fcomments&post=40"}],"version-history":[{"count":80,"href":"https:\/\/colocas.fr\/index.php?rest_route=\/wp\/v2\/pages\/40\/revisions"}],"predecessor-version":[{"id":3803,"href":"https:\/\/colocas.fr\/index.php?rest_route=\/wp\/v2\/pages\/40\/revisions\/3803"}],"wp:attachment":[{"href":"https:\/\/colocas.fr\/index.php?rest_route=%2Fwp%2Fv2%2Fmedia&parent=40"}],"curies":[{"name":"wp","href":"https:\/\/api.w.org\/{rel}","templated":true}]}}